{"id":336,"date":"2020-04-17T16:05:10","date_gmt":"2020-04-17T14:05:10","guid":{"rendered":"http:\/\/montsoleil.fr\/?page_id=336"},"modified":"2020-05-05T21:23:37","modified_gmt":"2020-05-05T19:23:37","slug":"pedicure-podologue-outreau-montsoleil","status":"publish","type":"page","link":"http:\/\/montsoleil.fr\/?page_id=336","title":{"rendered":"P\u00e9dicure-podologue"},"content":{"rendered":"\t\t<div data-elementor-type=\"wp-page\" data-elementor-id=\"336\" class=\"elementor elementor-336\" data-elementor-settings=\"[]\">\n\t\t\t\t\t\t<div class=\"elementor-inner\">\n\t\t\t\t\t\t\t<div class=\"elementor-section-wrap\">\n\t\t\t\t\t\t\t<section class=\"elementor-section elementor-top-section elementor-element elementor-element-037b09b elementor-section-boxed elementor-section-height-default elementor-section-height-default\" data-id=\"037b09b\" data-element_type=\"section\">\n\t\t\t\t\t\t<div class=\"elementor-container elementor-column-gap-default\">\n\t\t\t\t\t\t\t<div class=\"elementor-row\">\n\t\t\t\t\t<div class=\"elementor-column elementor-col-100 elementor-top-column elementor-element elementor-element-b0f1004\" data-id=\"b0f1004\" data-element_type=\"column\">\n\t\t\t<div class=\"elementor-column-wrap elementor-element-populated\">\n\t\t\t\t\t\t\t<div class=\"elementor-widget-wrap\">\n\t\t\t\t\t\t<div class=\"elementor-element elementor-element-25f2bd2 elementor-widget elementor-widget-menu-anchor\" data-id=\"25f2bd2\" data-element_type=\"widget\" data-widget_type=\"menu-anchor.default\">\n\t\t\t\t<div class=\"elementor-widget-container\">\n\t\t\t\t\t<div id=\"equipe-mecidale-outreau\" class=\"elementor-menu-anchor\"><\/div>\n\t\t\t\t<\/div>\n\t\t\t\t<\/div>\n\t\t\t\t<div class=\"elementor-element elementor-element-ed099af elementor-widget elementor-widget-heading\" data-id=\"ed099af\" data-element_type=\"widget\" data-widget_type=\"heading.default\">\n\t\t\t\t<div class=\"elementor-widget-container\">\n\t\t\t<h2 class=\"elementor-heading-title elementor-size-xl\">PEDICURE-PODOLOGUE<\/h2>\t\t<\/div>\n\t\t\t\t<\/div>\n\t\t\t\t<section class=\"elementor-section elementor-inner-section elementor-element elementor-element-f980966 elementor-section-content-bottom elementor-section-boxed elementor-section-height-default elementor-section-height-default\" data-id=\"f980966\" data-element_type=\"section\">\n\t\t\t\t\t\t<div class=\"elementor-container elementor-column-gap-default\">\n\t\t\t\t\t\t\t<div class=\"elementor-row\">\n\t\t\t\t\t<div class=\"elementor-column elementor-col-100 elementor-inner-column elementor-element elementor-element-758716c\" data-id=\"758716c\" data-element_type=\"column\">\n\t\t\t<div class=\"elementor-column-wrap elementor-element-populated\">\n\t\t\t\t\t\t\t<div class=\"elementor-widget-wrap\">\n\t\t\t\t\t\t<div class=\"elementor-element elementor-element-9b460e2 elementor-view-stacked elementor-shape-circle elementor-position-top elementor-vertical-align-top elementor-widget elementor-widget-icon-box\" data-id=\"9b460e2\" data-element_type=\"widget\" data-widget_type=\"icon-box.default\">\n\t\t\t\t<div class=\"elementor-widget-container\">\n\t\t\t\t\t<div class=\"elementor-icon-box-wrapper\">\n\t\t\t\t\t\t<div class=\"elementor-icon-box-icon\">\n\t\t\t\t<span class=\"elementor-icon elementor-animation-shrink\" >\n\t\t\t\t<i aria-hidden=\"true\" class=\"fas fa-female\"><\/i>\t\t\t\t<\/span>\n\t\t\t<\/div>\n\t\t\t\t\t\t<div class=\"elementor-icon-box-content\">\n\t\t\t\t<h3 class=\"elementor-icon-box-title\">\n\t\t\t\t\t<span >Aurore HERBEZ<\/span>\n\t\t\t\t<\/h3>\n\t\t\t\t\t\t\t<\/div>\n\t\t<\/div>\n\t\t\t\t<\/div>\n\t\t\t\t<\/div>\n\t\t\t\t\t\t<\/div>\n\t\t\t\t\t<\/div>\n\t\t<\/div>\n\t\t\t\t\t\t\t\t<\/div>\n\t\t\t\t\t<\/div>\n\t\t<\/section>\n\t\t\t\t\t\t<\/div>\n\t\t\t\t\t<\/div>\n\t\t<\/div>\n\t\t\t\t\t\t\t\t<\/div>\n\t\t\t\t\t<\/div>\n\t\t<\/section>\n\t\t\t\t<section class=\"elementor-section elementor-top-section elementor-element elementor-element-6be90d3 elementor-section-boxed elementor-section-height-default elementor-section-height-default\" data-id=\"6be90d3\" data-element_type=\"section\">\n\t\t\t\t\t\t<div class=\"elementor-container elementor-column-gap-default\">\n\t\t\t\t\t\t\t<div class=\"elementor-row\">\n\t\t\t\t\t<div class=\"elementor-column elementor-col-100 elementor-top-column elementor-element elementor-element-60226c0\" data-id=\"60226c0\" data-element_type=\"column\">\n\t\t\t<div class=\"elementor-column-wrap elementor-element-populated\">\n\t\t\t\t\t\t\t<div class=\"elementor-widget-wrap\">\n\t\t\t\t\t\t<div class=\"elementor-element elementor-element-db1da1a elementor-widget elementor-widget-text-editor\" data-id=\"db1da1a\" data-element_type=\"widget\" data-widget_type=\"text-editor.default\">\n\t\t\t\t<div class=\"elementor-widget-container\">\n\t\t\t\t\t<div class=\"elementor-text-editor elementor-clearfix\"><h1><strong>Activit\u00e9s g\u00e9n\u00e9rales<\/strong><\/h1>\n<p style=\"font-weight: 400;\">Le p\u00e9dicure-podologue soigne les pathologies de la peau et des ongles du pied&nbsp;: ongles incarn\u00e9s, mauvaises courbures de l\u2019ongle, cors, durillons, crevasses.<\/p>\n<p style=\"font-weight: 400;\">Il peut r\u00e9aliser des semelles orthop\u00e9diques pour soulager les douleurs ost\u00e9o-articulaires ou tendineuses, ou compenser des mauvaises positions articulaires, des attitudes scoliotiques, une jambe courte. Pour cela il r\u00e9alise un bilan complet d\u20191 heure qui d\u00e9terminera l\u2019int\u00e9r\u00eat ou non du port des semelles.<\/p>\n<h2>Plus-values<\/h2>\n<ul>\n<li>Formation g\u00e9n\u00e9rale en biom\u00e9canique anglo-saxonne permettant une approche logique et globale du corps humain (approche \u00ab holistique \u00bb) en r\u00e9alisant des analyses qui aideront \u00e0 comprendre l\u2019origine des probl\u00e9matiques<\/li>\n<li>Formation en biom\u00e9canique du sport<\/li>\n<li>R\u00e9alisation d\u2019appareillages d\u2019orteils (Orthoplastie) : en cas de d\u00e9viation d\u2019orteils, de griffes, de cors douloureux<br><h1><strong><img loading=\"lazy\" decoding=\"async\" class=\"alignnone size-full wp-image-348\" src=\"http:\/\/montsoleil.fr\/wp-content\/uploads\/2020\/04\/orthoplastie.jpg\" alt=\"\" width=\"600\" height=\"263\" srcset=\"http:\/\/montsoleil.fr\/wp-content\/uploads\/2020\/04\/orthoplastie.jpg 600w, http:\/\/montsoleil.fr\/wp-content\/uploads\/2020\/04\/orthoplastie-300x132.jpg 300w\" sizes=\"auto, (max-width: 600px) 100vw, 600px\" \/><\/strong><\/h1>\n<\/li>\n<li>R\u00e9alisation d\u2019appareillages d\u2019ongles (Orthonyxie) : en cas d\u2019hypercourbure d\u2019ongles provoquant des douleurs \u00e0 type d\u2019ongles incarn\u00e9s, en cas de perte d\u2019une partie de l\u2019ongle<br><h1><strong><img loading=\"lazy\" decoding=\"async\" class=\"alignnone size-full wp-image-349\" src=\"http:\/\/montsoleil.fr\/wp-content\/uploads\/2020\/04\/orthonyxie.jpg\" alt=\"\" width=\"440\" height=\"550\" srcset=\"http:\/\/montsoleil.fr\/wp-content\/uploads\/2020\/04\/orthonyxie.jpg 440w, http:\/\/montsoleil.fr\/wp-content\/uploads\/2020\/04\/orthonyxie-240x300.jpg 240w\" sizes=\"auto, (max-width: 440px) 100vw, 440px\" \/><\/strong><\/h1>\n<\/li>\n<\/ul><\/div>\n\t\t\t\t<\/div>\n\t\t\t\t<\/div>\n\t\t\t\t\t\t<\/div>\n\t\t\t\t\t<\/div>\n\t\t<\/div>\n\t\t\t\t\t\t\t\t<\/div>\n\t\t\t\t\t<\/div>\n\t\t<\/section>\n\t\t\t\t\t\t<\/div>\n\t\t\t\t\t\t<\/div>\n\t\t\t\t\t<\/div>\n\t\t","protected":false},"excerpt":{"rendered":"<p>PEDICURE-PODOLOGUE Aurore HERBEZ Activit\u00e9s g\u00e9n\u00e9rales Le p\u00e9dicure-podologue soigne les pathologies de la peau et des ongles du pied&nbsp;: ongles incarn\u00e9s, mauvaises courbures de l\u2019ongle, cors, durillons, crevasses. Il peut r\u00e9aliser des semelles orthop\u00e9diques pour soulager les douleurs ost\u00e9o-articulaires ou tendineuses, ou compenser des mauvaises positions articulaires, des attitudes scoliotiques, une jambe courte. Pour cela il [&hellip;]<\/p>\n","protected":false},"author":1,"featured_media":0,"parent":0,"menu_order":0,"comment_status":"closed","ping_status":"closed","template":"","meta":{"footnotes":""},"class_list":["post-336","page","type-page","status-publish","hentry","entry"],"_links":{"self":[{"href":"http:\/\/montsoleil.fr\/index.php?rest_route=\/wp\/v2\/pages\/336","targetHints":{"allow":["GET"]}}],"collection":[{"href":"http:\/\/montsoleil.fr\/index.php?rest_route=\/wp\/v2\/pages"}],"about":[{"href":"http:\/\/montsoleil.fr\/index.php?rest_route=\/wp\/v2\/types\/page"}],"author":[{"embeddable":true,"href":"http:\/\/montsoleil.fr\/index.php?rest_route=\/wp\/v2\/users\/1"}],"replies":[{"embeddable":true,"href":"http:\/\/montsoleil.fr\/index.php?rest_route=%2Fwp%2Fv2%2Fcomments&post=336"}],"version-history":[{"count":11,"href":"http:\/\/montsoleil.fr\/index.php?rest_route=\/wp\/v2\/pages\/336\/revisions"}],"predecessor-version":[{"id":428,"href":"http:\/\/montsoleil.fr\/index.php?rest_route=\/wp\/v2\/pages\/336\/revisions\/428"}],"wp:attachment":[{"href":"http:\/\/montsoleil.fr\/index.php?rest_route=%2Fwp%2Fv2%2Fmedia&parent=336"}],"curies":[{"name":"wp","href":"https:\/\/api.w.org\/{rel}","templated":true}]}}